{"id":292,"date":"2025-02-07T10:50:51","date_gmt":"2025-02-07T10:50:51","guid":{"rendered":"https:\/\/betterloc.com\/?page_id=292"},"modified":"2025-02-19T08:03:37","modified_gmt":"2025-02-19T08:03:37","slug":"mentions-legales","status":"publish","type":"page","link":"https:\/\/betterloc.com\/en\/mentions-legales\/","title":{"rendered":"Legal Notices"},"content":{"rendered":"<p><strong>1. Site Editor<\/strong><br>The Betterloc.com site is published by:<br><strong>Company name:<\/strong> YN H\u00e9bergement<br><strong>Head office:<\/strong> 56700 Hennebont<br><strong>SIREN :<\/strong> 940955461<br><strong>Publication manager:<\/strong> Yvonick Neumager<br><strong>E-mail :<\/strong> yvonick@betterloc.com<\/p>\n\n\n\n<p><strong>2. Site host<\/strong><br>The site is hosted by:<br><strong>Host Name:<\/strong> Hostinger<br><strong>Address :<\/strong> Hostinger International Ltd, 61 Lordou Vironos Street, 6023 Larnaca, Chypre<br><strong>Website :<\/strong> <a href=\"https:\/\/www.hostinger.fr\/\">https:\/\/www.hostinger.fr\/<\/a><\/p>\n\n\n\n<p><strong>3. Intellectual property<\/strong><br>All content on this site (texts, logos, etc.) is protected by copyright and is the exclusive property of BETTERLOC, unless otherwise stated. The photos used on the site are non-contractual. Any reproduction, distribution or use without express authorization is prohibited.<\/p>\n\n\n\n<p><strong>4. Protection of personal data<\/strong><br>In accordance with the General Data Protection Regulation (GDPR), you have the right to access, rectify and delete your personal data. For any request, you can contact us at the following address: yvonick@betterloc.com<\/p>\n\n\n\n<p><strong>5. Cookies<\/strong><br>The site may use cookies to improve user experience. You can configure your browser to refuse these cookies.<\/p>\n\n\n\n<p><strong>6. Responsibilities<\/strong><br>BETTERLOC cannot be held responsible for direct or indirect damage resulting from the use of the site. The information provided is given for information purposes only and may be modified without notice.<\/p>\n\n\n\n<p><strong>7. Contact<\/strong><br>For any questions regarding this legal notice, you can contact us at the following email address: yvonick@betterloc.com<\/p>\n\n\n\n<p><\/p>","protected":false},"excerpt":{"rendered":"<p>1. \u00c9diteur du siteLe site Betterloc.com est \u00e9dit\u00e9 par :Raison sociale : YN H\u00e9bergementSi\u00e8ge social : 56700 HennebontSIREN : 940955461Responsable de publication : Yvonick NeumagerE-mail : yvonick@betterloc.com 2. H\u00e9bergeur du siteLe site est h\u00e9berg\u00e9 par :Nom de l&rsquo;h\u00e9bergeur : HostingerAdresse : Hostinger International Ltd, 61 Lordou Vironos Street, 6023 Larnaca, ChypreSite web : https:\/\/www.hostinger.fr\/ 3. [&hellip;]<\/p>\n","protected":false},"author":1,"featured_media":0,"parent":0,"menu_order":0,"comment_status":"closed","ping_status":"closed","template":"","meta":{"_themeisle_gutenberg_block_has_review":false,"footnotes":""},"class_list":["post-292","page","type-page","status-publish","hentry"],"featured_image_src":null,"featured_media_urls":[],"_links":{"self":[{"href":"https:\/\/betterloc.com\/en\/wp-json\/wp\/v2\/pages\/292","targetHints":{"allow":["GET"]}}],"collection":[{"href":"https:\/\/betterloc.com\/en\/wp-json\/wp\/v2\/pages"}],"about":[{"href":"https:\/\/betterloc.com\/en\/wp-json\/wp\/v2\/types\/page"}],"author":[{"embeddable":true,"href":"https:\/\/betterloc.com\/en\/wp-json\/wp\/v2\/users\/1"}],"replies":[{"embeddable":true,"href":"https:\/\/betterloc.com\/en\/wp-json\/wp\/v2\/comments?post=292"}],"version-history":[{"count":3,"href":"https:\/\/betterloc.com\/en\/wp-json\/wp\/v2\/pages\/292\/revisions"}],"predecessor-version":[{"id":448,"href":"https:\/\/betterloc.com\/en\/wp-json\/wp\/v2\/pages\/292\/revisions\/448"}],"wp:attachment":[{"href":"https:\/\/betterloc.com\/en\/wp-json\/wp\/v2\/media?parent=292"}],"curies":[{"name":"wp","href":"https:\/\/api.w.org\/{rel}","templated":true}]}}