{"id":21,"date":"2025-01-29T16:34:10","date_gmt":"2025-01-29T16:34:10","guid":{"rendered":"https:\/\/tan-viper-336127.hostingersite.com\/notre-equipe\/"},"modified":"2025-02-05T13:57:50","modified_gmt":"2025-02-05T13:57:50","slug":"notre-equipe","status":"publish","type":"page","link":"https:\/\/betterloc.com\/en\/notre-equipe\/","title":{"rendered":"Our team"},"content":{"rendered":"<p><\/p>\n\n\n\n<div class=\"wp-block-group alignfull hostinger-ai-resume-1 hostinger-ai-fade-up has-montserrat-font-family has-global-padding is-layout-constrained wp-block-group-is-layout-constrained\" data-aos=\"fade-up\">\n<div class=\"wp-block-group alignwide hostinger-ai-fade-up is-layout-flow wp-block-group-is-layout-flow\" data-aos=\"fade-up\" style=\"padding-top:var(--wp--preset--spacing--60);padding-bottom:var(--wp--preset--spacing--60)\">\n<div class=\"wp-block-columns is-layout-flex wp-container-core-columns-is-layout-783b4be3 wp-block-columns-is-layout-flex\" style=\"margin-bottom:var(--wp--preset--spacing--60)\">\n<div class=\"wp-block-column is-layout-flow wp-block-column-is-layout-flow\">\n<h2 class=\"wp-block-heading hostinger-ai-title has-custom-5-c-0536-color has-text-color has-link-color has-montserrat-font-family has-x-large-font-size wp-elements-b76bc6a3a1d69aa1a506cfb86a6ff2ca\" style=\"margin-bottom:var(--wp--preset--spacing--20)\"><strong>A caring team for a flawless stay!<\/strong><\/h2>\n\n\n\n<figure class=\"wp-block-image size-large\"><img loading=\"lazy\" decoding=\"async\" width=\"1024\" height=\"683\" src=\"https:\/\/betterloc.com\/wp-content\/uploads\/2025\/02\/bruce-mars-8YG31Xn4dSw-unsplash-1024x683.jpg\" alt=\"\" class=\"wp-image-170\" srcset=\"https:\/\/betterloc.com\/wp-content\/uploads\/2025\/02\/bruce-mars-8YG31Xn4dSw-unsplash-1024x683.jpg 1024w, https:\/\/betterloc.com\/wp-content\/uploads\/2025\/02\/bruce-mars-8YG31Xn4dSw-unsplash-300x200.jpg 300w, https:\/\/betterloc.com\/wp-content\/uploads\/2025\/02\/bruce-mars-8YG31Xn4dSw-unsplash-768x512.jpg 768w, https:\/\/betterloc.com\/wp-content\/uploads\/2025\/02\/bruce-mars-8YG31Xn4dSw-unsplash-1536x1024.jpg 1536w, https:\/\/betterloc.com\/wp-content\/uploads\/2025\/02\/bruce-mars-8YG31Xn4dSw-unsplash-2048x1365.jpg 2048w\" sizes=\"auto, (max-width: 1024px) 100vw, 1024px\" \/><\/figure>\n<\/div>\n\n\n\n<div class=\"wp-block-column is-layout-flow wp-block-column-is-layout-flow\">\n<p class=\"has-custom-5-c-0536-color has-text-color has-link-color wp-elements-2b9b5578816d28c3287965ba33ec42ca\">At <strong>Betterloc<\/strong>, we don't just rent accommodation: we create experiences where comfort and serenity are the key words. Whether you are on a business trip or a tourist getaway, our mission is simple: to offer you a stay <strong>stress-free and comfortable<\/strong>.<\/p>\n\n\n\n<p class=\"has-custom-5-c-0536-color has-text-color has-link-color wp-elements-05ee76efda79ef1edbdae054a008f3bc\">\u2728 <strong>Standing is our thing.<\/strong> Our accommodations are designed to make you feel at home\u2026 only better. A neat setting, bedding that invites you to sleep in, and top-notch amenities.<\/p>\n\n\n\n<p class=\"has-custom-5-c-0536-color has-text-color has-link-color wp-elements-ce7bc70964fa233b5809e673b9a0fc12\">\ud83e\uddfc <strong>Housework is serious business.<\/strong> Our team of housekeepers will make sure everything is spotless before you arrive. Impeccable cleanliness and attention to detail, because you deserve a welcome worthy of a palace (without the exorbitant price).<\/p>\n\n\n\n<p class=\"has-custom-5-c-0536-color has-text-color has-link-color wp-elements-b86594af39d18fcd1eb2699941305b78\">\ud83e\udd1d <strong>Need an extra service? We take care of everything!<\/strong> Reservations, recommendations, little attentions\u2026 Our concierge is there to make your stay even smoother and more enjoyable.<\/p>\n\n\n\n<p><\/p>\n\n\n\n<p class=\"hostinger-ai-description has-custom-5-c-0536-color has-text-color has-link-color has-montserrat-font-family has-medium-font-size wp-elements-d946671784f833a3010833e3139b8982\" style=\"margin-top:0;margin-bottom:var(--wp--preset--spacing--70)\">In short, at <strong>Betterloc<\/strong>, we do everything so that you only have one thing to think about: <strong>enjoy<\/strong>.<\/p>\n<\/div>\n<\/div>\n\n\n\n<div class=\"wp-block-columns is-layout-flex wp-container-core-columns-is-layout-28f84493 wp-block-columns-is-layout-flex\">\n<div class=\"wp-block-column is-layout-flow wp-block-column-is-layout-flow\"><\/div>\n<\/div>\n<\/div>\n<\/div>\n\n\n\n<p><\/p>","protected":false},"excerpt":{"rendered":"<p>Une \u00e9quipe aux petits soins pour un s\u00e9jour sans fausse note ! Chez Betterloc, on ne se contente pas de louer des h\u00e9bergements : on cr\u00e9e des exp\u00e9riences o\u00f9 confort et s\u00e9r\u00e9nit\u00e9 sont les ma\u00eetres-mots. Que vous soyez en d\u00e9placement professionnel ou en escapade touristique, notre mission est simple : vous offrir un s\u00e9jour sans [&hellip;]<\/p>\n","protected":false},"author":1,"featured_media":0,"parent":0,"menu_order":0,"comment_status":"closed","ping_status":"closed","template":"","meta":{"_themeisle_gutenberg_block_has_review":false,"footnotes":""},"class_list":["post-21","page","type-page","status-publish","hentry"],"featured_image_src":null,"featured_media_urls":[],"_links":{"self":[{"href":"https:\/\/betterloc.com\/en\/wp-json\/wp\/v2\/pages\/21","targetHints":{"allow":["GET"]}}],"collection":[{"href":"https:\/\/betterloc.com\/en\/wp-json\/wp\/v2\/pages"}],"about":[{"href":"https:\/\/betterloc.com\/en\/wp-json\/wp\/v2\/types\/page"}],"author":[{"embeddable":true,"href":"https:\/\/betterloc.com\/en\/wp-json\/wp\/v2\/users\/1"}],"replies":[{"embeddable":true,"href":"https:\/\/betterloc.com\/en\/wp-json\/wp\/v2\/comments?post=21"}],"version-history":[{"count":9,"href":"https:\/\/betterloc.com\/en\/wp-json\/wp\/v2\/pages\/21\/revisions"}],"predecessor-version":[{"id":172,"href":"https:\/\/betterloc.com\/en\/wp-json\/wp\/v2\/pages\/21\/revisions\/172"}],"wp:attachment":[{"href":"https:\/\/betterloc.com\/en\/wp-json\/wp\/v2\/media?parent=21"}],"curies":[{"name":"wp","href":"https:\/\/api.w.org\/{rel}","templated":true}]}}