{"id":20,"date":"2025-01-29T16:34:10","date_gmt":"2025-01-29T16:34:10","guid":{"rendered":"https:\/\/tan-viper-336127.hostingersite.com\/accueil\/"},"modified":"2025-10-29T15:33:07","modified_gmt":"2025-10-29T15:33:07","slug":"accueil","status":"publish","type":"page","link":"https:\/\/betterloc.com\/en\/","title":{"rendered":"Welcome"},"content":{"rendered":"<div style=\"background-image:url(&apos;https:\/\/betterloc.com\/wp-content\/uploads\/2025\/01\/lotus-design-n-print-hZE6VQVbMco-unsplash-scaled.jpg&apos;);background-position:50% 50%;background-size:cover;\" class=\"wp-block-group alignfull hostinger-ai-background-image hostinger-ai-hero-opacity hostinger-ai-fade-up has-global-padding is-layout-constrained wp-block-group-is-layout-constrained has-background\" data-aos=\"fade-up\">\n<div class=\"wp-block-group alignwide hostinger-ai-fade-up is-vertical is-content-justification-center is-nowrap is-layout-flex wp-container-core-group-is-layout-95764c33 wp-block-group-is-layout-flex\" data-aos=\"fade-up\" style=\"min-height:800px;padding-top:var(--wp--preset--spacing--40);padding-bottom:var(--wp--preset--spacing--40)\">\n<div class=\"wp-block-group hostinger-ai-fade-up wp-container-content-69bc4bdf has-global-padding is-content-justification-center is-layout-constrained wp-container-core-group-is-layout-78267832 wp-block-group-is-layout-constrained\" data-aos=\"fade-up\">\n<h1 class=\"wp-block-heading has-text-align-center has-color-3-color has-text-color has-link-color wp-elements-5516140c7ee5bcf1370494758c330173\">Welcome home!<\/h1>\n\n\n\n<p class=\"has-text-align-center hostinger-ai-description has-text-color has-link-color has-medium-font-size wp-elements-bae4eed8733b3a7902fa7611b5df0e20\" style=\"color:#ffffff;margin-top:var(--wp--preset--spacing--20);margin-bottom:var(--wp--preset--spacing--50)\">Discover our luxury accommodation for your unforgettable stays<\/p>\n\n\n\n<div class=\"wp-block-buttons is-content-justification-center is-layout-flex wp-container-core-buttons-is-layout-a89b3969 wp-block-buttons-is-layout-flex\">\n<div class=\"wp-block-button hostinger-ai-cta-button is-style-fill\"><a class=\"wp-block-button__link has-text-color has-link-color has-border-color has-light-border-color has-medium-font-size has-custom-font-size wp-element-button\" href=\"https:\/\/betterloc.com\/en\/reservation\/\" style=\"color:#ffffff;padding-top:var(--wp--preset--spacing--30);padding-right:var(--wp--preset--spacing--70);padding-bottom:var(--wp--preset--spacing--30);padding-left:var(--wp--preset--spacing--70)\">Book now<\/a><\/div>\n<\/div>\n<\/div>\n<\/div>\n<\/div>\n\n\n\n<div class=\"wp-block-group alignwide animated backInUp has-border-color has-custom-5-c-0536-border-color has-global-padding is-content-justification-center is-layout-constrained wp-container-core-group-is-layout-c77d76ce wp-block-group-is-layout-constrained\" style=\"border-width:7px;border-radius:30px;min-height:0px;margin-top:var(--wp--preset--spacing--50);margin-bottom:var(--wp--preset--spacing--50);padding-top:0;padding-right:0;padding-bottom:0;padding-left:0\">\n<h1 class=\"wp-block-heading has-text-align-center has-custom-5-c-0536-color has-text-color has-link-color wp-elements-e2f0eff952f5d60dfbca39523dd13209\">Customer reviews<\/h1>\n\n\n<div class=\"wp-block-ub-divider ub_divider ub-divider-orientation-horizontal\" id=\"ub_divider_c4206c85-005f-4362-90d1-815239c1df48\"><div class=\"ub_divider_wrapper\" style=\"position: relative; margin-bottom: 2px; width: 100%; height: 2px; \" data-divider-alignment=\"center\"><div class=\"ub_divider_line\" style=\"border-top: 2px solid #843179; margin-top: 2px; \"><\/div><\/div><\/div>\n\n\n<div class=\"wp-block-group alignwide is-nowrap is-layout-flex wp-container-core-group-is-layout-951787c8 wp-block-group-is-layout-flex\" style=\"border-style:none;border-width:0px;border-radius:0px;margin-top:0;margin-bottom:0;padding-top:0;padding-right:var(--wp--preset--spacing--30);padding-bottom:0;padding-left:var(--wp--preset--spacing--30)\">\n<div class=\"wp-block-group has-global-padding is-layout-constrained wp-block-group-is-layout-constrained\">\n<div class=\"wp-block-group has-global-padding is-layout-constrained wp-block-group-is-layout-constrained\"><div id=\"ub-testimonial-3a4f15c4-23e0-4346-b67f-3406db4b9e5c\">\n\t\t\t<div id=\"ub_testimonial_3a4f15c4-23e0-4346-b67f-3406db4b9e5c\" class=\"wp-block-ub-testimonial ub_testimonial\" style=\"background-color: #ffffff; color: #5c0536; \">\n\t\t\t\t<div class=\"ub_testimonial_img\" style=\"\">\n\t\t\t\t\t<img loading=\"lazy\" decoding=\"async\" src=\"https:\/\/betterloc.com\/wp-content\/uploads\/2025\/02\/8.jpg\" alt=\"\" height=\"100\" width=\"100\">\n\t\t\t\t<\/div>\n\t\t\t\t<div class=\"ub_testimonial_content\">\n\t\t\t\t\t<p class=\"ub_testimonial_text\" style=\"font-size: 17px; text-align: justify; \">Top service! Thanks for all the tips for visits to the Lorient area.<\/p>\n\t\t\t\t<\/div>\n\t\t\t\t<div class=\"ub_testimonial_sign\">\n\t\t\t\t\t<p class=\"ub_testimonial_author\" style=\"text-align: right; \">Am\u00e9lie T.<\/p>\n\t\t\t\t\t<p class=\"ub_testimonial_author_role\" style=\"text-align: right; \">Feb 2025<\/p>\n\t\t\t\t<\/div>\n\t\t\t<\/div>\n\t\t<\/div><\/div>\n<\/div>\n\n\n\n<div class=\"wp-block-group has-global-padding is-layout-constrained wp-block-group-is-layout-constrained\">\n<div class=\"wp-block-columns is-layout-flex wp-container-core-columns-is-layout-28f84493 wp-block-columns-is-layout-flex\">\n<div class=\"wp-block-column is-layout-flow wp-block-column-is-layout-flow\" style=\"flex-basis:100%\">\n<div class=\"wp-block-group is-nowrap is-layout-flex wp-container-core-group-is-layout-6c531013 wp-block-group-is-layout-flex\"><div id=\"ub-testimonial-7f497a6a-f10a-4c36-8f1d-2c57bf729de9\">\n\t\t\t<div id=\"ub_testimonial_7f497a6a-f10a-4c36-8f1d-2c57bf729de9\" class=\"wp-block-ub-testimonial ub_testimonial\" style=\"background-color: #ffffff; color: #5c0536; \">\n\t\t\t\t<div class=\"ub_testimonial_img\" style=\"\">\n\t\t\t\t\t<img loading=\"lazy\" decoding=\"async\" src=\"https:\/\/betterloc.com\/wp-content\/uploads\/2025\/02\/5.jpg\" alt=\"\" height=\"100\" width=\"100\">\n\t\t\t\t<\/div>\n\t\t\t\t<div class=\"ub_testimonial_content\">\n\t\t\t\t\t<p class=\"ub_testimonial_text\" style=\"font-size: 17px; text-align: justify; \">Very comfortable apartment, well equipped, and very responsive host. Thank you, we will come back!<\/p>\n\t\t\t\t<\/div>\n\t\t\t\t<div class=\"ub_testimonial_sign\">\n\t\t\t\t\t<p class=\"ub_testimonial_author\" style=\"text-align: right; \">Philippe E.<\/p>\n\t\t\t\t\t<p class=\"ub_testimonial_author_role\" style=\"text-align: right; \">Feb 2025<\/p>\n\t\t\t\t<\/div>\n\t\t\t<\/div>\n\t\t<\/div><\/div>\n<\/div>\n<\/div>\n<\/div>\n<\/div>\n<\/div>\n\n\n\n<div class=\"wp-block-group alignwide hostinger-ai-fade-up has-global-padding is-layout-constrained wp-block-group-is-layout-constrained\" data-aos=\"fade-up\" style=\"padding-top:0;padding-bottom:0\">\n<div class=\"wp-block-group alignwide hostinger-ai-fade-up is-nowrap is-layout-flex wp-container-core-group-is-layout-3861760c wp-block-group-is-layout-flex\" data-aos=\"fade-up\" style=\"margin-bottom:0\">\n<div class=\"wp-block-columns is-layout-flex wp-container-core-columns-is-layout-28f84493 wp-block-columns-is-layout-flex\">\n<div class=\"wp-block-column has-custom-5-c-0536-color has-text-color has-link-color wp-elements-90fdf835abc90265d01b9485d68e608b is-layout-flow wp-block-column-is-layout-flow\">\n<h2 class=\"wp-block-heading hostinger-ai-title has-x-large-font-size\" id=\"1-location-saisonni%C3%A8re\" style=\"margin-bottom:0\">Seasonal rental<\/h2>\n<\/div>\n\n\n\n<div class=\"wp-block-column is-vertically-aligned-center has-custom-5-c-0536-color has-text-color has-link-color has-small-font-size wp-elements-7eee7160561b107700d61c60b38593ed has-global-padding is-layout-constrained wp-block-column-is-layout-constrained\">\n<p class=\"hostinger-ai-description has-medium-font-size\">Welcome to Betterloc, your reference for luxury seasonal rental accommodation. Discover our houses and apartments carefully selected for your comfort.<\/p>\n<\/div>\n<\/div>\n<\/div>\n\n\n\n<div class=\"wp-block-group alignwide hostinger-ai-fade-up is-layout-grid wp-container-core-group-is-layout-c5e045b6 wp-block-group-is-layout-grid\" data-aos=\"fade-up\" style=\"margin-bottom:0;padding-top:var(--wp--preset--spacing--30)\">\n<figure class=\"wp-block-image size-large\"><img loading=\"lazy\" decoding=\"async\" width=\"1024\" height=\"683\" src=\"https:\/\/betterloc.com\/wp-content\/uploads\/2025\/01\/ashley-byrd-yzkTCP4uc9E-unsplash-1024x683.jpg\" alt=\"\" class=\"wp-image-43\" style=\"aspect-ratio:4\/3;object-fit:cover\" srcset=\"https:\/\/betterloc.com\/wp-content\/uploads\/2025\/01\/ashley-byrd-yzkTCP4uc9E-unsplash-1024x683.jpg 1024w, https:\/\/betterloc.com\/wp-content\/uploads\/2025\/01\/ashley-byrd-yzkTCP4uc9E-unsplash-300x200.jpg 300w, https:\/\/betterloc.com\/wp-content\/uploads\/2025\/01\/ashley-byrd-yzkTCP4uc9E-unsplash-768x512.jpg 768w, https:\/\/betterloc.com\/wp-content\/uploads\/2025\/01\/ashley-byrd-yzkTCP4uc9E-unsplash-1536x1024.jpg 1536w, https:\/\/betterloc.com\/wp-content\/uploads\/2025\/01\/ashley-byrd-yzkTCP4uc9E-unsplash-2048x1365.jpg 2048w\" sizes=\"auto, (max-width: 1024px) 100vw, 1024px\" \/><\/figure>\n\n\n\n<figure class=\"wp-block-image size-large\"><img loading=\"lazy\" decoding=\"async\" width=\"1024\" height=\"768\" src=\"https:\/\/betterloc.com\/wp-content\/uploads\/2025\/01\/collov-home-design-zsIx8uc-EcA-unsplash-1024x768.jpg\" alt=\"\" class=\"wp-image-48\" style=\"aspect-ratio:4\/3;object-fit:cover\" srcset=\"https:\/\/betterloc.com\/wp-content\/uploads\/2025\/01\/collov-home-design-zsIx8uc-EcA-unsplash-1024x768.jpg 1024w, https:\/\/betterloc.com\/wp-content\/uploads\/2025\/01\/collov-home-design-zsIx8uc-EcA-unsplash-300x225.jpg 300w, https:\/\/betterloc.com\/wp-content\/uploads\/2025\/01\/collov-home-design-zsIx8uc-EcA-unsplash-768x576.jpg 768w, https:\/\/betterloc.com\/wp-content\/uploads\/2025\/01\/collov-home-design-zsIx8uc-EcA-unsplash-1536x1152.jpg 1536w, https:\/\/betterloc.com\/wp-content\/uploads\/2025\/01\/collov-home-design-zsIx8uc-EcA-unsplash-2048x1536.jpg 2048w\" sizes=\"auto, (max-width: 1024px) 100vw, 1024px\" \/><\/figure>\n\n\n\n<figure class=\"wp-block-image size-large\"><img loading=\"lazy\" decoding=\"async\" width=\"1024\" height=\"683\" src=\"https:\/\/betterloc.com\/wp-content\/uploads\/2025\/01\/nathan-fertig-FBXuXp57eM0-unsplash-1024x683.jpg\" alt=\"\" class=\"wp-image-66\" style=\"aspect-ratio:4\/3;object-fit:cover\" srcset=\"https:\/\/betterloc.com\/wp-content\/uploads\/2025\/01\/nathan-fertig-FBXuXp57eM0-unsplash-1024x683.jpg 1024w, https:\/\/betterloc.com\/wp-content\/uploads\/2025\/01\/nathan-fertig-FBXuXp57eM0-unsplash-300x200.jpg 300w, https:\/\/betterloc.com\/wp-content\/uploads\/2025\/01\/nathan-fertig-FBXuXp57eM0-unsplash-768x512.jpg 768w, https:\/\/betterloc.com\/wp-content\/uploads\/2025\/01\/nathan-fertig-FBXuXp57eM0-unsplash-1536x1024.jpg 1536w, https:\/\/betterloc.com\/wp-content\/uploads\/2025\/01\/nathan-fertig-FBXuXp57eM0-unsplash-2048x1365.jpg 2048w\" sizes=\"auto, (max-width: 1024px) 100vw, 1024px\" \/><\/figure>\n<\/div>\n<\/div>\n\n\n\n<div class=\"wp-block-group alignfull hostinger-ai-our-services-2 hostinger-ai-fade-up has-color-2-background-color has-background has-global-padding is-layout-constrained wp-block-group-is-layout-constrained\" data-aos=\"fade-up\" style=\"margin-bottom:0;padding-top:var(--wp--preset--spacing--60);padding-bottom:var(--wp--preset--spacing--60)\">\n<div class=\"wp-block-group alignwide hostinger-ai-fade-up has-global-padding is-content-justification-left is-layout-constrained wp-container-core-group-is-layout-12dd3699 wp-block-group-is-layout-constrained\" data-aos=\"fade-up\">\n<h2 class=\"wp-block-heading is-style-default hostinger-ai-title has-light-color has-text-color has-link-color has-x-large-font-size wp-elements-d9f55c48d4500dc87c64fd7f4f6f8abb\" id=\"2-tout-est-pens%C3%A9-pour-votre-confort\" style=\"margin-bottom:var(--wp--preset--spacing--50)\">Everything is designed for your comfort<\/h2>\n\n\n\n<div class=\"wp-block-group alignwide hostinger-ai-fade-up is-layout-grid wp-container-core-group-is-layout-88c98fc8 wp-block-group-is-layout-grid\" data-aos=\"fade-up\">\n<div class=\"wp-block-group hostinger-ai-fade-up has-global-padding is-layout-constrained wp-container-core-group-is-layout-29a8626f wp-block-group-is-layout-constrained\" data-aos=\"fade-up\" style=\"padding-top:0;padding-right:var(--wp--preset--spacing--20);padding-bottom:0;padding-left:var(--wp--preset--spacing--20)\">\n<figure class=\"wp-block-image size-full has-custom-border hostinger-ai-service-image\"><img loading=\"lazy\" decoding=\"async\" width=\"1707\" height=\"2560\" src=\"https:\/\/betterloc.com\/wp-content\/uploads\/2025\/01\/assem-gniyat-4fhxi0RPn7s-unsplash-scaled.jpg\" alt=\"\" class=\"wp-image-44\" style=\"border-radius:8px\" srcset=\"https:\/\/betterloc.com\/wp-content\/uploads\/2025\/01\/assem-gniyat-4fhxi0RPn7s-unsplash-scaled.jpg 1707w, https:\/\/betterloc.com\/wp-content\/uploads\/2025\/01\/assem-gniyat-4fhxi0RPn7s-unsplash-200x300.jpg 200w, https:\/\/betterloc.com\/wp-content\/uploads\/2025\/01\/assem-gniyat-4fhxi0RPn7s-unsplash-683x1024.jpg 683w, https:\/\/betterloc.com\/wp-content\/uploads\/2025\/01\/assem-gniyat-4fhxi0RPn7s-unsplash-768x1152.jpg 768w, https:\/\/betterloc.com\/wp-content\/uploads\/2025\/01\/assem-gniyat-4fhxi0RPn7s-unsplash-1024x1536.jpg 1024w, https:\/\/betterloc.com\/wp-content\/uploads\/2025\/01\/assem-gniyat-4fhxi0RPn7s-unsplash-1365x2048.jpg 1365w\" sizes=\"auto, (max-width: 1707px) 100vw, 1707px\" \/><\/figure>\n\n\n\n<p class=\"hostinger-ai-service-description has-light-color has-text-color has-link-color has-medium-font-size wp-elements-8dca7716b51038aa67b28dbf8511d7ec\" style=\"margin-top:var(--wp--preset--spacing--40)\">A personalized welcome or an independent arrival? It\u2019s up to you!<\/p>\n<\/div>\n\n\n\n<div class=\"wp-block-group hostinger-ai-fade-up has-global-padding is-layout-constrained wp-container-core-group-is-layout-c9115f92 wp-block-group-is-layout-constrained\" data-aos=\"fade-up\" style=\"padding-right:var(--wp--preset--spacing--20);padding-left:var(--wp--preset--spacing--20)\">\n<figure class=\"wp-block-image size-full has-custom-border hostinger-ai-service-image hostinger-index-1\"><img loading=\"lazy\" decoding=\"async\" width=\"1706\" height=\"2560\" src=\"https:\/\/betterloc.com\/wp-content\/uploads\/2025\/01\/nathan-van-egmond-q9QVDa-EPgM-unsplash-scaled.jpg\" alt=\"\" class=\"wp-image-67\" style=\"border-radius:8px\" srcset=\"https:\/\/betterloc.com\/wp-content\/uploads\/2025\/01\/nathan-van-egmond-q9QVDa-EPgM-unsplash-scaled.jpg 1706w, https:\/\/betterloc.com\/wp-content\/uploads\/2025\/01\/nathan-van-egmond-q9QVDa-EPgM-unsplash-200x300.jpg 200w, https:\/\/betterloc.com\/wp-content\/uploads\/2025\/01\/nathan-van-egmond-q9QVDa-EPgM-unsplash-683x1024.jpg 683w, https:\/\/betterloc.com\/wp-content\/uploads\/2025\/01\/nathan-van-egmond-q9QVDa-EPgM-unsplash-768x1152.jpg 768w, https:\/\/betterloc.com\/wp-content\/uploads\/2025\/01\/nathan-van-egmond-q9QVDa-EPgM-unsplash-1024x1536.jpg 1024w, https:\/\/betterloc.com\/wp-content\/uploads\/2025\/01\/nathan-van-egmond-q9QVDa-EPgM-unsplash-1365x2048.jpg 1365w\" sizes=\"auto, (max-width: 1706px) 100vw, 1706px\" \/><\/figure>\n\n\n\n<p class=\"hostinger-ai-service-description hostinger-index-1 has-light-color has-text-color has-link-color has-medium-font-size wp-elements-04ae6e194a4dcf83d41b0d5c20f1fbdf\" style=\"margin-top:var(--wp--preset--spacing--40)\">A dedicated team at your service to guarantee an exceptional and personalized experience.<\/p>\n<\/div>\n\n\n\n<div class=\"wp-block-group hostinger-ai-fade-up has-global-padding is-layout-constrained wp-container-core-group-is-layout-c9115f92 wp-block-group-is-layout-constrained\" data-aos=\"fade-up\" style=\"padding-right:var(--wp--preset--spacing--20);padding-left:var(--wp--preset--spacing--20)\">\n<figure class=\"wp-block-image size-full has-custom-border hostinger-ai-service-image hostinger-index-2\"><img loading=\"lazy\" decoding=\"async\" width=\"1707\" height=\"2560\" src=\"https:\/\/betterloc.com\/wp-content\/uploads\/2025\/01\/minh-pham-OtXADkUh3-I-unsplash-scaled.jpg\" alt=\"\" class=\"wp-image-63\" style=\"border-radius:8px\" srcset=\"https:\/\/betterloc.com\/wp-content\/uploads\/2025\/01\/minh-pham-OtXADkUh3-I-unsplash-scaled.jpg 1707w, https:\/\/betterloc.com\/wp-content\/uploads\/2025\/01\/minh-pham-OtXADkUh3-I-unsplash-200x300.jpg 200w, https:\/\/betterloc.com\/wp-content\/uploads\/2025\/01\/minh-pham-OtXADkUh3-I-unsplash-683x1024.jpg 683w, https:\/\/betterloc.com\/wp-content\/uploads\/2025\/01\/minh-pham-OtXADkUh3-I-unsplash-768x1152.jpg 768w, https:\/\/betterloc.com\/wp-content\/uploads\/2025\/01\/minh-pham-OtXADkUh3-I-unsplash-1024x1536.jpg 1024w, https:\/\/betterloc.com\/wp-content\/uploads\/2025\/01\/minh-pham-OtXADkUh3-I-unsplash-1365x2048.jpg 1365w\" sizes=\"auto, (max-width: 1707px) 100vw, 1707px\" \/><\/figure>\n\n\n\n<p class=\"hostinger-ai-service-description hostinger-index-2 has-light-color has-text-color has-link-color has-medium-font-size wp-elements-fe92a5f53612850cb126477bddffc277\" style=\"margin-top:var(--wp--preset--spacing--40)\">A refined decor and quality furniture for a relaxing stopover.<\/p>\n<\/div>\n<\/div>\n<\/div>\n<\/div>\n\n\n\n<div class=\"wp-block-group alignfull hostinger-ai-gallery-2 hostinger-ai-fade-up is-layout-flow wp-block-group-is-layout-flow\" data-aos=\"fade-up\">\n<div class=\"wp-block-group alignwide hostinger-ai-fade-up has-global-padding is-layout-constrained wp-block-group-is-layout-constrained\" data-aos=\"fade-up\" style=\"padding-top:var(--wp--preset--spacing--60);padding-bottom:var(--wp--preset--spacing--60)\">\n<h2 class=\"wp-block-heading alignwide has-text-align-center hostinger-ai-title has-custom-5-c-0536-color has-text-color has-link-color has-x-large-font-size wp-elements-cb677da0ee1762cf7ba0cc7c3c8b4250\" id=\"3-locations-de-standing-dans-le-pays-de-lorient\" style=\"margin-top:0;margin-right:0;margin-bottom:var(--wp--preset--spacing--20);margin-left:0\">Luxury rentals in Lorient<\/h2>\n\n\n\n<p class=\"has-text-align-center hostinger-ai-description has-custom-5-c-0536-color has-text-color has-link-color has-medium-font-size wp-elements-d0657ac46d75479423338124f9be7316\" style=\"margin-top:0;margin-bottom:0\">Lorient, a center of international economic and tourist attraction<\/p>\n<\/div>\n\n\n\n<div class=\"wp-block-group hostinger-ai-fade-up has-global-padding is-layout-constrained wp-block-group-is-layout-constrained\" data-aos=\"fade-up\" style=\"margin-top:0\">\n<div class=\"wp-block-group alignwide hostinger-ai-fade-up is-content-justification-center is-nowrap is-layout-flex wp-container-core-group-is-layout-23441af8 wp-block-group-is-layout-flex\" data-aos=\"fade-up\">\n<figure class=\"wp-block-image size-full is-resized has-custom-border hostinger-ai-image hostinger-index-4\"><img loading=\"lazy\" decoding=\"async\" width=\"1920\" height=\"2560\" src=\"https:\/\/betterloc.com\/wp-content\/uploads\/2025\/01\/IMG_9475-scaled.jpg\" alt=\"\" class=\"wp-image-55\" style=\"border-radius:8px;aspect-ratio:1;object-fit:cover;width:378px;height:auto\" srcset=\"https:\/\/betterloc.com\/wp-content\/uploads\/2025\/01\/IMG_9475-scaled.jpg 1920w, https:\/\/betterloc.com\/wp-content\/uploads\/2025\/01\/IMG_9475-225x300.jpg 225w, https:\/\/betterloc.com\/wp-content\/uploads\/2025\/01\/IMG_9475-768x1024.jpg 768w, https:\/\/betterloc.com\/wp-content\/uploads\/2025\/01\/IMG_9475-1152x1536.jpg 1152w, https:\/\/betterloc.com\/wp-content\/uploads\/2025\/01\/IMG_9475-1536x2048.jpg 1536w\" sizes=\"auto, (max-width: 1920px) 100vw, 1920px\" \/><\/figure>\n\n\n\n<figure class=\"wp-block-image size-full is-resized has-custom-border hostinger-ai-image hostinger-index-5 is-style-default\"><img loading=\"lazy\" decoding=\"async\" width=\"2560\" height=\"1707\" src=\"https:\/\/betterloc.com\/wp-content\/uploads\/2025\/01\/michael-held-HvIdCs2aU-k-unsplash-edited-scaled.jpg\" alt=\"\" class=\"wp-image-85\" style=\"border-radius:8px;aspect-ratio:1;object-fit:cover;width:376px;height:auto\" srcset=\"https:\/\/betterloc.com\/wp-content\/uploads\/2025\/01\/michael-held-HvIdCs2aU-k-unsplash-edited-scaled.jpg 2560w, https:\/\/betterloc.com\/wp-content\/uploads\/2025\/01\/michael-held-HvIdCs2aU-k-unsplash-edited-300x200.jpg 300w, https:\/\/betterloc.com\/wp-content\/uploads\/2025\/01\/michael-held-HvIdCs2aU-k-unsplash-edited-1024x683.jpg 1024w, https:\/\/betterloc.com\/wp-content\/uploads\/2025\/01\/michael-held-HvIdCs2aU-k-unsplash-edited-768x512.jpg 768w, https:\/\/betterloc.com\/wp-content\/uploads\/2025\/01\/michael-held-HvIdCs2aU-k-unsplash-edited-1536x1024.jpg 1536w, https:\/\/betterloc.com\/wp-content\/uploads\/2025\/01\/michael-held-HvIdCs2aU-k-unsplash-edited-2048x1365.jpg 2048w\" sizes=\"auto, (max-width: 2560px) 100vw, 2560px\" \/><\/figure>\n\n\n\n<figure class=\"wp-block-image size-full is-resized has-custom-border hostinger-ai-image hostinger-index-6\"><img loading=\"lazy\" decoding=\"async\" width=\"2492\" height=\"2560\" src=\"https:\/\/betterloc.com\/wp-content\/uploads\/2025\/01\/clement-gerbaud-mSaSevLBbdk-unsplash-scaled.jpg\" alt=\"\" class=\"wp-image-47\" style=\"border-radius:8px;width:368px;height:auto\" srcset=\"https:\/\/betterloc.com\/wp-content\/uploads\/2025\/01\/clement-gerbaud-mSaSevLBbdk-unsplash-scaled.jpg 2492w, https:\/\/betterloc.com\/wp-content\/uploads\/2025\/01\/clement-gerbaud-mSaSevLBbdk-unsplash-292x300.jpg 292w, https:\/\/betterloc.com\/wp-content\/uploads\/2025\/01\/clement-gerbaud-mSaSevLBbdk-unsplash-997x1024.jpg 997w, https:\/\/betterloc.com\/wp-content\/uploads\/2025\/01\/clement-gerbaud-mSaSevLBbdk-unsplash-768x789.jpg 768w, https:\/\/betterloc.com\/wp-content\/uploads\/2025\/01\/clement-gerbaud-mSaSevLBbdk-unsplash-1495x1536.jpg 1495w, https:\/\/betterloc.com\/wp-content\/uploads\/2025\/01\/clement-gerbaud-mSaSevLBbdk-unsplash-1993x2048.jpg 1993w\" sizes=\"auto, (max-width: 2492px) 100vw, 2492px\" \/><\/figure>\n<\/div>\n<\/div>\n<\/div>\n\n\n\n<div class=\"wp-block-group alignfull hostinger-ai-solid-block hostinger-ai-fade-up has-color-1-background-color has-background has-global-padding is-layout-constrained wp-block-group-is-layout-constrained\" data-aos=\"fade-up\" style=\"padding-top:var(--wp--preset--spacing--60);padding-bottom:var(--wp--preset--spacing--60)\">\n<div class=\"wp-block-group alignwide hostinger-ai-fade-up is-vertical is-content-justification-center is-nowrap is-layout-flex wp-container-core-group-is-layout-4cc6ee0a wp-block-group-is-layout-flex\" data-aos=\"fade-up\" style=\"min-height:0px;padding-top:0;padding-bottom:0\">\n<div class=\"wp-block-group hostinger-ai-fade-up wp-container-content-69bc4bdf has-global-padding is-content-justification-center is-layout-constrained wp-container-core-group-is-layout-78267832 wp-block-group-is-layout-constrained\" data-aos=\"fade-up\">\n<h2 class=\"wp-block-heading has-text-align-center hostinger-ai-title has-color-3-color has-text-color has-link-color has-x-large-font-size wp-elements-757937df2e960edcc6b64b31625f2d13\" id=\"4-locations-de-standing\" style=\"margin-top:0;margin-right:0;margin-bottom:0;margin-left:0\">Luxury rentals<\/h2>\n\n\n\n<p class=\"has-text-align-center hostinger-ai-description has-color-3-color has-text-color has-link-color has-medium-font-size wp-elements-9057de3ce82bac56f91536493073c02a\" style=\"margin-top:var(--wp--preset--spacing--20);margin-bottom:var(--wp--preset--spacing--50)\">Discover our quality houses and apartments for your stays. Book your next accommodation now.<\/p>\n\n\n\n<div class=\"wp-block-buttons is-content-justification-center is-layout-flex wp-container-core-buttons-is-layout-a89b3969 wp-block-buttons-is-layout-flex\">\n<div class=\"wp-block-button hostinger-ai-cta-button\"><a class=\"wp-block-button__link has-color-3-color has-contrast-background-color has-text-color has-background has-link-color has-border-color has-color-3-border-color has-medium-font-size has-custom-font-size wp-element-button\" href=\"https:\/\/betterloc.com\/en\/reservation\/\" style=\"padding-top:var(--wp--preset--spacing--30);padding-right:var(--wp--preset--spacing--70);padding-bottom:var(--wp--preset--spacing--30);padding-left:var(--wp--preset--spacing--70)\">Book now<\/a><\/div>\n<\/div>\n<\/div>\n<\/div>\n<\/div>\n\n\n\n<p><\/p>\n\n\n\n<p><\/p>","protected":false},"excerpt":{"rendered":"<p>Bienvenue chez vous ! D\u00e9couvrez nos logements de standing pour vos s\u00e9jours inoubliables Avis clients Location saisonni\u00e8re Bienvenue chez Betterloc, votre r\u00e9f\u00e9rence pour des logements de standing en location saisonni\u00e8re. D\u00e9couvrez nos maisons et appartements soigneusement s\u00e9lectionn\u00e9s pour votre confort. Tout est pens\u00e9 pour votre confort Un accueil personnalis\u00e9 ou une arriv\u00e9e en toute autonomie [&hellip;]<\/p>\n","protected":false},"author":1,"featured_media":0,"parent":0,"menu_order":0,"comment_status":"closed","ping_status":"closed","template":"","meta":{"_themeisle_gutenberg_block_has_review":false,"footnotes":""},"class_list":["post-20","page","type-page","status-publish","hentry"],"featured_image_src":null,"featured_media_urls":[],"_links":{"self":[{"href":"https:\/\/betterloc.com\/en\/wp-json\/wp\/v2\/pages\/20","targetHints":{"allow":["GET"]}}],"collection":[{"href":"https:\/\/betterloc.com\/en\/wp-json\/wp\/v2\/pages"}],"about":[{"href":"https:\/\/betterloc.com\/en\/wp-json\/wp\/v2\/types\/page"}],"author":[{"embeddable":true,"href":"https:\/\/betterloc.com\/en\/wp-json\/wp\/v2\/users\/1"}],"replies":[{"embeddable":true,"href":"https:\/\/betterloc.com\/en\/wp-json\/wp\/v2\/comments?post=20"}],"version-history":[{"count":60,"href":"https:\/\/betterloc.com\/en\/wp-json\/wp\/v2\/pages\/20\/revisions"}],"predecessor-version":[{"id":587,"href":"https:\/\/betterloc.com\/en\/wp-json\/wp\/v2\/pages\/20\/revisions\/587"}],"wp:attachment":[{"href":"https:\/\/betterloc.com\/en\/wp-json\/wp\/v2\/media?parent=20"}],"curies":[{"name":"wp","href":"https:\/\/api.w.org\/{rel}","templated":true}]}}